{"id":601,"date":"2024-10-14T15:08:55","date_gmt":"2024-10-14T15:08:55","guid":{"rendered":"https:\/\/dev.solutionstore.ro\/?post_type=product&#038;p=601"},"modified":"2024-11-01T09:41:28","modified_gmt":"2024-11-01T09:41:28","slug":"microsoft-365-apps-for-business-p1y-year","status":"publish","type":"product","link":"https:\/\/solutionstore.ro\/?product=microsoft-365-apps-for-business-p1y-year","title":{"rendered":"Microsoft 365 Apps for Business &#8211; P1Y Year"},"content":{"rendered":"<p><strong>Microsoft 365 Apps for Business<\/strong>\u00a0ofer\u0103 un set complet de aplica\u021bii Office \u0219i servicii de productivitate \u00een cloud, ideal pentru afaceri mici \u0219i medii. Acesta include aplica\u021bii Office premium \u0219i servicii de colaborare pentru a sprijini eficien\u021ba \u0219i productivitatea echipelor.<\/p>\n<h3>Specifica\u021bii Tehnice:<\/h3>\n<ul>\n<li><strong>Aplica\u021bii Incluse<\/strong>: Word, Excel, PowerPoint, Outlook, OneNote, Access (doar pentru PC), Publisher (doar pentru PC)<\/li>\n<li><strong>Servicii Incluse<\/strong>: OneDrive<\/li>\n<li><strong>Stocare \u00een Cloud<\/strong>: 1 TB OneDrive pentru fiecare utilizator<\/li>\n<li><strong>Acces<\/strong>: Aplica\u021bii desktop, web \u0219i mobile pentru PC, Mac, iOS \u0219i Android<\/li>\n<li><strong>Suport IT<\/strong>: Suport premium prin chat sau telefon cu exper\u021bi Microsoft<\/li>\n<li><strong>Securitate<\/strong>: M\u0103suri avansate de securitate \u0219i gestionare a identit\u0103\u021bii \u0219i accesului<\/li>\n<\/ul>\n<p><strong>Microsoft 365 Apps for Business<\/strong>\u00a0este ideal pentru:<\/p>\n<ul>\n<li><strong>Afaceri Mici \u0219i Medii<\/strong>: Ofer\u0103 un set complet de instrumente pentru productivitate \u0219i colaborare.<\/li>\n<li><strong>Echipe Remote<\/strong>: Permite accesul la aplica\u021bii \u0219i servicii de pe orice dispozitiv, oriunde te afli.<\/li>\n<li><strong>Organiza\u021bii cu Cerin\u021be de Securitate<\/strong>: Ajut\u0103 la protejarea datelor \u0219i gestionarea accesului utilizatorilor.<\/li>\n<\/ul>\n<h3>Op\u021biuni de Angajament:<\/h3>\n<ol>\n<li><strong>Angajament Anual cu Plata Anual\u0103 (P1Y Year)<\/strong>\n<ul>\n<li><strong>Descriere<\/strong>: Angajament anual cu plata integral\u0103 la \u00eenceputul perioadei.<\/li>\n<li><strong>Pre\u021b Recomandat<\/strong>: 117.6 euro f\u0103r\u0103 TVA \/ licen\u021b\u0103.<\/li>\n<\/ul>\n<\/li>\n<li><strong>Angajament Anual cu Plata Lunar\u0103 (P1Y Monthly)<\/strong>\n<ul>\n<li><strong>Descriere<\/strong>: Angajament anual cu plata efectuat\u0103 lunar.<\/li>\n<li><strong>Pre\u021b Recomandat<\/strong>: 9.8 euro f\u0103r\u0103 TVA \/ licen\u021b\u0103 pe lun\u0103. Pentru pre\u021buri exacte, v\u0103 rug\u0103m s\u0103 solicita\u021bi o ofert\u0103.<\/li>\n<\/ul>\n<\/li>\n<li><strong>Angajament Lunar cu Plata Lunar\u0103 (P1M Monthly)<\/strong>\n<ul>\n<li><strong>Descriere<\/strong>: Flexibilitate de a renun\u021ba sau suspenda licen\u021bele dup\u0103 o lun\u0103, f\u0103r\u0103 angajament pe termen lung.<\/li>\n<li><strong>Pre\u021b Recomandat<\/strong>: 11.76 euro f\u0103r\u0103 TVA \/ licen\u021b\u0103 pe lun\u0103. Pentru pre\u021buri exacte, v\u0103 rug\u0103m s\u0103 solicita\u021bi o ofert\u0103.<\/li>\n<\/ul>\n<\/li>\n<\/ol>\n","protected":false},"excerpt":{"rendered":"<h3>Specifica\u021bii Tehnice:<\/h3>\n<ul>\n<li><strong>Aplica\u021bii Incluse<\/strong>: Word, Excel, PowerPoint, Outlook, OneNote, Access (doar pentru PC), Publisher (doar pentru PC)<\/li>\n<li><strong>Servicii Incluse<\/strong>: OneDrive<\/li>\n<li><strong>Stocare \u00een Cloud<\/strong>: 1 TB OneDrive pentru fiecare utilizator<\/li>\n<li><strong>Acces<\/strong>: Aplica\u021bii desktop, web \u0219i mobile pentru PC, Mac, iOS \u0219i Android<\/li>\n<li><strong>Suport IT<\/strong>: Suport premium prin chat sau telefon cu exper\u021bi Microsoft<\/li>\n<li><strong>Securitate<\/strong>: M\u0103suri avansate de securitate \u0219i gestionare a identit\u0103\u021bii \u0219i accesului<\/li>\n<\/ul>\n","protected":false},"featured_media":602,"comment_status":"open","ping_status":"closed","template":"","meta":[],"product_cat":[29],"product_tag":[],"class_list":{"0":"post-601","1":"product","2":"type-product","3":"status-publish","4":"has-post-thumbnail","6":"product_cat-software","8":"first","9":"onbackorder","10":"sale","11":"featured","12":"shipping-taxable","13":"purchasable","14":"product-type-simple"},"jetpack_sharing_enabled":true,"_links":{"self":[{"href":"https:\/\/solutionstore.ro\/index.php?rest_route=\/wp\/v2\/product\/601","targetHints":{"allow":["GET"]}}],"collection":[{"href":"https:\/\/solutionstore.ro\/index.php?rest_route=\/wp\/v2\/product"}],"about":[{"href":"https:\/\/solutionstore.ro\/index.php?rest_route=\/wp\/v2\/types\/product"}],"replies":[{"embeddable":true,"href":"https:\/\/solutionstore.ro\/index.php?rest_route=%2Fwp%2Fv2%2Fcomments&post=601"}],"wp:featuredmedia":[{"embeddable":true,"href":"https:\/\/solutionstore.ro\/index.php?rest_route=\/wp\/v2\/media\/602"}],"wp:attachment":[{"href":"https:\/\/solutionstore.ro\/index.php?rest_route=%2Fwp%2Fv2%2Fmedia&parent=601"}],"wp:term":[{"taxonomy":"product_cat","embeddable":true,"href":"https:\/\/solutionstore.ro\/index.php?rest_route=%2Fwp%2Fv2%2Fproduct_cat&post=601"},{"taxonomy":"product_tag","embeddable":true,"href":"https:\/\/solutionstore.ro\/index.php?rest_route=%2Fwp%2Fv2%2Fproduct_tag&post=601"}],"curies":[{"name":"wp","href":"https:\/\/api.w.org\/{rel}","templated":true}]}}