{"id":599,"date":"2024-10-14T15:03:59","date_gmt":"2024-10-14T15:03:59","guid":{"rendered":"https:\/\/dev.solutionstore.ro\/?post_type=product&#038;p=599"},"modified":"2024-11-01T09:54:16","modified_gmt":"2024-11-01T09:54:16","slug":"microsoft-exchange-online-protection-eop-p1y-year","status":"publish","type":"product","link":"https:\/\/solutionstore.ro\/?product=microsoft-exchange-online-protection-eop-p1y-year","title":{"rendered":"Microsoft Exchange Online Protection (EOP) &#8211; P1Y Year"},"content":{"rendered":"<p><strong>Microsoft Exchange Online Protection (EOP)<\/strong>\u00a0este un serviciu de filtrare a emailurilor bazat pe cloud, care protejeaz\u0103 organiza\u021bia ta \u00eempotriva spamului, malware-ului, phishing-ului \u0219i altor amenin\u021b\u0103ri de email. EOP este inclus \u00een toate organiza\u021biile Microsoft 365 care au cutii po\u0219tale Exchange Online \u0219i poate fi utilizat \u0219i pentru protejarea cutiilor po\u0219tale on-premises sau \u00een medii hibride.<\/p>\n<h3>Specifica\u021bii Tehnice:<\/h3>\n<ul>\n<li><strong>Protec\u021bie Anti-Malware<\/strong>: Filtrare avansat\u0103 pentru detectarea \u0219i blocarea malware-ului \u00een emailuri \u0219i ata\u0219amente<\/li>\n<li><strong>Protec\u021bie Anti-Spam<\/strong>: Filtrare eficient\u0103 a spamului pentru a reduce num\u0103rul de mesaje nedorite<\/li>\n<li><strong>Protec\u021bie Anti-Phishing<\/strong>: Detectarea \u0219i blocarea emailurilor de phishing \u0219i spoofing<\/li>\n<li><strong>Politici de Protec\u021bie<\/strong>: Politici implicite de protec\u021bie care se aplic\u0103 tuturor destinatarilor, cu posibilitatea de a crea politici personalizate<\/li>\n<li><strong>Quarantine<\/strong>: Mesajele suspecte sunt plasate \u00een carantin\u0103, iar administratorii pot gestiona aceste mesaje<\/li>\n<li><strong>Compatibilitate<\/strong>: Func\u021bioneaz\u0103 cu orice agent de transfer de email SMTP, cum ar fi Microsoft Exchange Server<\/li>\n<\/ul>\n<h3>Recomand\u0103ri pentru Utilizare:<\/h3>\n<p><strong>Microsoft Exchange Online Protection<\/strong>\u00a0este ideal pentru:<\/p>\n<ul>\n<li><strong>Afaceri de toate dimensiunile<\/strong>: Protejeaz\u0103 emailurile \u00eempotriva amenin\u021b\u0103rilor cibernetice.<\/li>\n<li><strong>Organiza\u021bii cu Medii Hibride<\/strong>: Asigur\u0103 protec\u021bia at\u00e2t pentru cutiile po\u0219tale cloud, c\u00e2t \u0219i pentru cele on-premises.<\/li>\n<li><strong>Echipe IT<\/strong>: Simplific\u0103 gestionarea mediului de mesagerie \u0219i reduce sarcinile administrative legate de hardware \u0219i software on-premises.<\/li>\n<\/ul>\n<h3>Op\u021biuni de Angajament:<\/h3>\n<ol>\n<li><strong>Angajament Anual cu Plata Anual\u0103 (P1Y Year)<\/strong>\n<ul>\n<li><strong>Descriere<\/strong>: Angajament anual cu plata integral\u0103 la \u00eenceputul perioadei.<\/li>\n<li><strong>Pre\u021b Recomandat<\/strong>: 11.28 euro f\u0103r\u0103 TVA \/ licen\u021b\u0103.<\/li>\n<\/ul>\n<\/li>\n<li><strong>Angajament Anual cu Plata Lunar\u0103 (P1Y Monthly)<\/strong>\n<ul>\n<li><strong>Descriere<\/strong>: Angajament anual cu plata efectuat\u0103 lunar.<\/li>\n<li><strong>Pre\u021b Recomandat<\/strong>: 0.94 euro f\u0103r\u0103 TVA \/ licen\u021b\u0103 pe lun\u0103. Pentru pre\u021buri exacte, v\u0103 rug\u0103m s\u0103 solicita\u021bi o ofert\u0103.<\/li>\n<\/ul>\n<\/li>\n<li><strong>Angajament Lunar cu Plata Lunar\u0103 (P1M Monthly)<\/strong>\n<ul>\n<li><strong>Descriere<\/strong>: Flexibilitate de a renun\u021ba sau suspenda licen\u021bele dup\u0103 o lun\u0103, f\u0103r\u0103 angajament pe termen lung.<\/li>\n<li><strong>Pre\u021b Recomandat<\/strong>: 1.13 euro f\u0103r\u0103 TVA \/ licen\u021b\u0103 pe lun\u0103. Pentru pre\u021buri exacte, v\u0103 rug\u0103m s\u0103 solicita\u021bi o ofert\u0103.<\/li>\n<\/ul>\n<\/li>\n<\/ol>\n","protected":false},"excerpt":{"rendered":"<h3>Specifica\u021bii Tehnice:<\/h3>\n<ul>\n<li><strong>Protec\u021bie Anti-Malware<\/strong>: Filtrare avansat\u0103 pentru detectarea \u0219i blocarea malware-ului \u00een emailuri \u0219i ata\u0219amente<\/li>\n<li><strong>Protec\u021bie Anti-Spam<\/strong>: Filtrare eficient\u0103 a spamului pentru a reduce num\u0103rul de mesaje nedorite<\/li>\n<li><strong>Protec\u021bie Anti-Phishing<\/strong>: Detectarea \u0219i blocarea emailurilor de phishing \u0219i spoofing<\/li>\n<li><strong>Politici de Protec\u021bie<\/strong>: Politici implicite de protec\u021bie care se aplic\u0103 tuturor destinatarilor, cu posibilitatea de a crea politici personalizate<\/li>\n<li><strong>Quarantine<\/strong>: Mesajele suspecte sunt plasate \u00een carantin\u0103, iar administratorii pot gestiona aceste mesaje<\/li>\n<li><strong>Compatibilitate<\/strong>: Func\u021bioneaz\u0103 cu orice agent de transfer de email SMTP, cum ar fi Microsoft Exchange Server<\/li>\n<\/ul>\n","protected":false},"featured_media":600,"comment_status":"open","ping_status":"closed","template":"","meta":[],"product_cat":[29],"product_tag":[],"class_list":{"0":"post-599","1":"product","2":"type-product","3":"status-publish","4":"has-post-thumbnail","6":"product_cat-software","8":"first","9":"onbackorder","10":"sale","11":"featured","12":"shipping-taxable","13":"purchasable","14":"product-type-simple"},"jetpack_sharing_enabled":true,"_links":{"self":[{"href":"https:\/\/solutionstore.ro\/index.php?rest_route=\/wp\/v2\/product\/599","targetHints":{"allow":["GET"]}}],"collection":[{"href":"https:\/\/solutionstore.ro\/index.php?rest_route=\/wp\/v2\/product"}],"about":[{"href":"https:\/\/solutionstore.ro\/index.php?rest_route=\/wp\/v2\/types\/product"}],"replies":[{"embeddable":true,"href":"https:\/\/solutionstore.ro\/index.php?rest_route=%2Fwp%2Fv2%2Fcomments&post=599"}],"wp:featuredmedia":[{"embeddable":true,"href":"https:\/\/solutionstore.ro\/index.php?rest_route=\/wp\/v2\/media\/600"}],"wp:attachment":[{"href":"https:\/\/solutionstore.ro\/index.php?rest_route=%2Fwp%2Fv2%2Fmedia&parent=599"}],"wp:term":[{"taxonomy":"product_cat","embeddable":true,"href":"https:\/\/solutionstore.ro\/index.php?rest_route=%2Fwp%2Fv2%2Fproduct_cat&post=599"},{"taxonomy":"product_tag","embeddable":true,"href":"https:\/\/solutionstore.ro\/index.php?rest_route=%2Fwp%2Fv2%2Fproduct_tag&post=599"}],"curies":[{"name":"wp","href":"https:\/\/api.w.org\/{rel}","templated":true}]}}