{"id":593,"date":"2024-10-14T14:45:01","date_gmt":"2024-10-14T14:45:01","guid":{"rendered":"https:\/\/dev.solutionstore.ro\/?post_type=product&#038;p=593"},"modified":"2024-11-01T09:58:34","modified_gmt":"2024-11-01T09:58:34","slug":"microsoft-exchange-online-plan-2-p1y-year","status":"publish","type":"product","link":"https:\/\/solutionstore.ro\/?product=microsoft-exchange-online-plan-2-p1y-year","title":{"rendered":"Microsoft Exchange Online Plan 2 &#8211; P1Y Year"},"content":{"rendered":"<p><strong>Microsoft Exchange Online Plan 2<\/strong>\u00a0(SKU: CFQ7TTC0LH1P) este un serviciu de email g\u0103zduit \u00een cloud, oferit ca parte a suitei Microsoft 365. Acesta este ideal pentru afaceri de toate dimensiunile care au nevoie de un serviciu de email avansat \u0219i securizat.<\/p>\n<h3>Specifica\u021bii Tehnice:<\/h3>\n<ul>\n<li><strong>Capacitate Mailbox<\/strong>: 100 GB de stocare primar\u0103 \u0219i arhivare nelimitat\u0103<\/li>\n<li><strong>Dimensiune Maxim\u0103 Mesaj<\/strong>: 150 MB<\/li>\n<li><strong>Acces<\/strong>: Outlook pe PC-uri, web \u0219i dispozitive mobile<\/li>\n<li><strong>Inbox Focused<\/strong>: Prioritizeaz\u0103 emailurile importante<\/li>\n<li><strong>Arhivare In-Place<\/strong>: Mut\u0103 automat mesajele vechi \u00eentr-o arhiv\u0103<\/li>\n<li><strong>Protec\u021bie Anti-Malware \u0219i Anti-Spam<\/strong>: Protec\u021bie avansat\u0103 \u00eempotriva amenin\u021b\u0103rilor<\/li>\n<li><strong>Prevenirea Pierderii Datelor (DLP)<\/strong>: Protejeaz\u0103 informa\u021biile sensibile<\/li>\n<li><strong>Securitate<\/strong>: M\u0103suri avansate de securitate fizic\u0103 \u0219i digital\u0103.<\/li>\n<\/ul>\n<h3>Recomand\u0103ri pentru Utilizare:<\/h3>\n<p><strong>Microsoft Exchange Online Plan 2<\/strong>\u00a0este ideal pentru:<\/p>\n<ul>\n<li><strong>Afaceri de toate dimensiunile<\/strong>: Ofer\u0103 un serviciu de email profesional \u0219i securizat.<\/li>\n<li><strong>Echipe Remote<\/strong>: Permite accesul la emailuri de pe orice dispozitiv, oriunde te afli.<\/li>\n<li><strong>Organiza\u021bii cu Cerin\u021be de Conformitate<\/strong>: Ajut\u0103 la rezolvarea provoc\u0103rilor legate de arhivare, conformitate, reglementare \u0219i eDiscovery.<\/li>\n<\/ul>\n<h3>Op\u021biuni de Angajament pentru Microsoft Exchange Online Plan 2:<\/h3>\n<ol>\n<li><strong>Angajament Anual cu Plata Anual\u0103 (P1Y Year)<\/strong>\n<ul>\n<li><strong>Descriere<\/strong>: Aceast\u0103 op\u021biune implic\u0103 un angajament anual cu plata integral\u0103 la \u00eenceputul perioadei.<\/li>\n<li><strong>Pre\u021b Recomandat<\/strong>: 90 euro f\u0103r\u0103 TVA \/ licen\u021b\u0103.<\/li>\n<\/ul>\n<\/li>\n<li><strong>Angajament Anual cu Plata Lunar\u0103 (P1Y Monthly)<\/strong>\n<ul>\n<li><strong>Descriere<\/strong>: Aceast\u0103 op\u021biune implic\u0103 un angajament anual, dar cu plata efectuat\u0103 lunar.<\/li>\n<li><strong>Pre\u021b Recomandat<\/strong>: 7.5 euro f\u0103r\u0103 TVA \/ licen\u021b\u0103 pe lun\u0103. Pentru pre\u021buri exacte, v\u0103 rug\u0103m s\u0103 solicita\u021bi o ofert\u0103.<\/li>\n<\/ul>\n<\/li>\n<li><strong>Angajament Lunar cu Plata Lunar\u0103 (P1M Monthly)<\/strong>\n<ul>\n<li><strong>Descriere<\/strong>: Aceast\u0103 op\u021biune ofer\u0103 flexibilitatea de a renun\u021ba sau suspenda licen\u021bele dup\u0103 o lun\u0103, f\u0103r\u0103 angajament pe termen lung.<\/li>\n<li><strong>Pre\u021b Recomandat<\/strong>: 9 euro f\u0103r\u0103 TVA \/ licen\u021b\u0103 pe lun\u0103. Pentru pre\u021buri exacte, v\u0103 rug\u0103m s\u0103 solicita\u021bi o ofert\u0103.<\/li>\n<\/ul>\n<\/li>\n<\/ol>\n","protected":false},"excerpt":{"rendered":"<h3>Specifica\u021bii Tehnice:<\/h3>\n<ul>\n<li><strong>Capacitate Mailbox<\/strong>: 100 GB de stocare primar\u0103 \u0219i arhivare nelimitat\u0103<\/li>\n<li><strong>Dimensiune Maxim\u0103 Mesaj<\/strong>: 150 MB<\/li>\n<li><strong>Acces<\/strong>: Outlook pe PC-uri, web \u0219i dispozitive mobile<\/li>\n<li><strong>Inbox Focused<\/strong>: Prioritizeaz\u0103 emailurile importante<\/li>\n<li><strong>Arhivare In-Place<\/strong>: Mut\u0103 automat mesajele vechi \u00eentr-o arhiv\u0103<\/li>\n<li><strong>Protec\u021bie Anti-Malware \u0219i Anti-Spam<\/strong>: Protec\u021bie avansat\u0103 \u00eempotriva amenin\u021b\u0103rilor<\/li>\n<li><strong>Prevenirea Pierderii Datelor (DLP)<\/strong>: Protejeaz\u0103 informa\u021biile sensibile<\/li>\n<li><strong>Securitate<\/strong>: M\u0103suri avansate de securitate fizic\u0103 \u0219i digital\u0103.<\/li>\n<\/ul>\n","protected":false},"featured_media":594,"comment_status":"open","ping_status":"closed","template":"","meta":[],"product_cat":[29],"product_tag":[],"class_list":{"0":"post-593","1":"product","2":"type-product","3":"status-publish","4":"has-post-thumbnail","6":"product_cat-software","8":"first","9":"onbackorder","10":"sale","11":"featured","12":"shipping-taxable","13":"purchasable","14":"product-type-simple"},"jetpack_sharing_enabled":true,"_links":{"self":[{"href":"https:\/\/solutionstore.ro\/index.php?rest_route=\/wp\/v2\/product\/593","targetHints":{"allow":["GET"]}}],"collection":[{"href":"https:\/\/solutionstore.ro\/index.php?rest_route=\/wp\/v2\/product"}],"about":[{"href":"https:\/\/solutionstore.ro\/index.php?rest_route=\/wp\/v2\/types\/product"}],"replies":[{"embeddable":true,"href":"https:\/\/solutionstore.ro\/index.php?rest_route=%2Fwp%2Fv2%2Fcomments&post=593"}],"wp:featuredmedia":[{"embeddable":true,"href":"https:\/\/solutionstore.ro\/index.php?rest_route=\/wp\/v2\/media\/594"}],"wp:attachment":[{"href":"https:\/\/solutionstore.ro\/index.php?rest_route=%2Fwp%2Fv2%2Fmedia&parent=593"}],"wp:term":[{"taxonomy":"product_cat","embeddable":true,"href":"https:\/\/solutionstore.ro\/index.php?rest_route=%2Fwp%2Fv2%2Fproduct_cat&post=593"},{"taxonomy":"product_tag","embeddable":true,"href":"https:\/\/solutionstore.ro\/index.php?rest_route=%2Fwp%2Fv2%2Fproduct_tag&post=593"}],"curies":[{"name":"wp","href":"https:\/\/api.w.org\/{rel}","templated":true}]}}