{"id":352,"date":"2024-10-10T13:02:45","date_gmt":"2024-10-10T13:02:45","guid":{"rendered":"https:\/\/dev.solutionstore.ro\/?post_type=product&#038;p=352"},"modified":"2024-11-01T11:46:09","modified_gmt":"2024-11-01T11:46:09","slug":"fortigate-60f-bundle-24x7-cu-servicii-avansate-fortiguard-si-forticare-3-ani","status":"publish","type":"product","link":"https:\/\/solutionstore.ro\/?product=fortigate-60f-bundle-24x7-cu-servicii-avansate-fortiguard-si-forticare-3-ani","title":{"rendered":"FortiGate 60F Bundle 24&#215;7 cu servicii avansate FortiGuard \u0219i FortiCare &#8211; 3 ani"},"content":{"rendered":"<p>Fortinet FortiGate 60F este un firewall de \u00eenalt\u0103 performan\u021b\u0103, compact \u0219i f\u0103r\u0103 ventilator, ideal pentru birouri de sucursal\u0103 \u0219i \u00eentreprinderi de dimensiuni medii. Acest dispozitiv ofer\u0103 o solu\u021bie de securitate \u0219i SD-WAN integrat\u0103, protej\u00e2nd \u00eempotriva amenin\u021b\u0103rilor cibernetice cu ajutorul serviciilor avansate FortiGuard \u0219i FortiCare.<\/p>\n<p><strong>Caracteristici principale:<\/strong><\/p>\n<ul>\n<li><strong>Recomandat pentru afaceri mici:<\/strong>\u00a0Ideal pentru birouri de sucursal\u0103 \u0219i \u00eentreprinderi de dimensiuni medii.<\/li>\n<li><strong>Viteze de conexiune ISP de p\u00e2n\u0103 la 630 Mbps:<\/strong>\u00a0Asigur\u0103 performan\u021be ridicate pentru conexiunile la internet.<\/li>\n<li><strong>Filtrare de con\u021binut:<\/strong>\u00a0Controleaz\u0103 accesul la con\u021binutul de pe internet.<\/li>\n<li><strong>Antivirus la nivel de gateway:<\/strong>\u00a0Protejeaz\u0103 \u00eempotriva viru\u0219ilor \u0219i ransomware-ului.<\/li>\n<li><strong>Servicii de prevenire a intruziunilor:<\/strong>\u00a0Detecteaz\u0103 atacurile asupra re\u021belei.<\/li>\n<li><strong>Servicii tehnice 24\/7:<\/strong>\u00a0Suport, actualiz\u0103ri de firmware \u0219i garan\u021bie non-stop.<\/li>\n<li><strong>Protec\u021bie Zero Day:<\/strong>\u00a0Protejeaz\u0103 \u00eempotriva amenin\u021b\u0103rilor necunoscute.<\/li>\n<\/ul>\n<p><strong>Specifica\u021bii tehnice:<\/strong><\/p>\n<ul>\n<li><strong>Firewall Throughput:<\/strong>\u00a05 Gbps<\/li>\n<li><strong>IPS Throughput:<\/strong>\u00a01 Gbps<\/li>\n<li><strong>NGFW Throughput:<\/strong>\u00a0800 Mbps<\/li>\n<li><strong>Threat Protection Throughput:<\/strong>\u00a0600 Mbps<\/li>\n<li><strong>Interfe\u021be:<\/strong>\u00a0Multiple porturi GE RJ45<\/li>\n<li><strong>Form Factor:<\/strong>\u00a0Desktop f\u0103r\u0103 ventilator<\/li>\n<\/ul>\n<p>Recomandat pentru 10-50 utilizatori<\/p>\n<p><strong>Beneficii:<\/strong><\/p>\n<ul>\n<li><strong>Protec\u021bie avansat\u0103:<\/strong>\u00a0Blocheaz\u0103 proactiv atacurile sofisticate \u00een timp real cu protec\u021bie avansat\u0103 \u00eempotriva amenin\u021b\u0103rilor.<\/li>\n<li><strong>Conectivitate extins\u0103:<\/strong>\u00a0Integrare simplificat\u0103 a re\u021belelor cablate \u0219i wireless pentru a simplifica IT-ul.<\/li>\n<li><strong>Performan\u021b\u0103 ridicat\u0103:<\/strong>\u00a0Hardware dedicat pentru cea mai bun\u0103 performan\u021b\u0103 \u0219i administrare u\u0219oar\u0103 prin managementul cloud.<\/li>\n<\/ul>\n","protected":false},"excerpt":{"rendered":"<ul>\n<li class=\"checkmark\"><strong>Caracteristici principale:<\/strong>\n<ul>\n<li><strong>Recomandat pentru afaceri mici:<\/strong>\u00a0Ideal pentru birouri de sucursal\u0103 \u0219i \u00eentreprinderi de dimensiuni medii.<\/li>\n<li><strong>Viteze de conexiune ISP de p\u00e2n\u0103 la 630 Mbps:<\/strong>\u00a0Asigur\u0103 performan\u021be ridicate pentru conexiunile la internet.<\/li>\n<li><strong>Filtrare de con\u021binut:<\/strong>\u00a0Controleaz\u0103 accesul la con\u021binutul de pe internet.<\/li>\n<li><strong>Antivirus la nivel de gateway:<\/strong>\u00a0Protejeaz\u0103 \u00eempotriva viru\u0219ilor \u0219i ransomware-ului.<\/li>\n<li><strong>Servicii de prevenire a intruziunilor:<\/strong>\u00a0Detecteaz\u0103 atacurile asupra re\u021belei.<\/li>\n<li><strong>Servicii tehnice 24\/7:<\/strong>\u00a0Suport, actualiz\u0103ri de firmware \u0219i garan\u021bie non-stop.<\/li>\n<li><strong>Protec\u021bie Zero Day:<\/strong>\u00a0Protejeaz\u0103 \u00eempotriva amenin\u021b\u0103rilor necunoscute.<\/li>\n<\/ul>\n<p><strong>Protection<\/strong>\u00a0from unknown threats<\/li>\n<\/ul>\n","protected":false},"featured_media":350,"comment_status":"open","ping_status":"closed","template":"","meta":[],"product_cat":[44,28],"product_tag":[],"class_list":{"0":"post-352","1":"product","2":"type-product","3":"status-publish","4":"has-post-thumbnail","6":"product_cat-firewall","7":"product_cat-retelistica","9":"first","10":"onbackorder","11":"sale","12":"featured","13":"shipping-taxable","14":"purchasable","15":"product-type-simple"},"jetpack_sharing_enabled":true,"_links":{"self":[{"href":"https:\/\/solutionstore.ro\/index.php?rest_route=\/wp\/v2\/product\/352","targetHints":{"allow":["GET"]}}],"collection":[{"href":"https:\/\/solutionstore.ro\/index.php?rest_route=\/wp\/v2\/product"}],"about":[{"href":"https:\/\/solutionstore.ro\/index.php?rest_route=\/wp\/v2\/types\/product"}],"replies":[{"embeddable":true,"href":"https:\/\/solutionstore.ro\/index.php?rest_route=%2Fwp%2Fv2%2Fcomments&post=352"}],"wp:featuredmedia":[{"embeddable":true,"href":"https:\/\/solutionstore.ro\/index.php?rest_route=\/wp\/v2\/media\/350"}],"wp:attachment":[{"href":"https:\/\/solutionstore.ro\/index.php?rest_route=%2Fwp%2Fv2%2Fmedia&parent=352"}],"wp:term":[{"taxonomy":"product_cat","embeddable":true,"href":"https:\/\/solutionstore.ro\/index.php?rest_route=%2Fwp%2Fv2%2Fproduct_cat&post=352"},{"taxonomy":"product_tag","embeddable":true,"href":"https:\/\/solutionstore.ro\/index.php?rest_route=%2Fwp%2Fv2%2Fproduct_tag&post=352"}],"curies":[{"name":"wp","href":"https:\/\/api.w.org\/{rel}","templated":true}]}}