{"id":309,"date":"2024-10-10T11:16:31","date_gmt":"2024-10-10T11:16:31","guid":{"rendered":"https:\/\/dev.solutionstore.ro\/?post_type=product&#038;p=309"},"modified":"2024-11-01T12:51:47","modified_gmt":"2024-11-01T12:51:47","slug":"monitor-dell-27-qhd-ips-75hz-99srgb-s2722dc","status":"publish","type":"product","link":"https:\/\/solutionstore.ro\/?product=monitor-dell-27-qhd-ips-75hz-99srgb-s2722dc","title":{"rendered":"MONITOR DELL 27&#8243; QHD IPS 75Hz 99%sRGB &#8211; S2722DC"},"content":{"rendered":"<p>Dell 27 USB-C Monitor &#8211; S2722DC este un monitor QHD de 27 inch, proiectat pentru a oferi imagini excep\u021bionale \u0219i conectivitate USB-C. Acest monitor este ideal pentru utilizarea zilnic\u0103, fie c\u0103 lucrezi, te joci sau vizionezi filme.<\/p>\n<p><strong>Caracteristici principale:<\/strong><\/p>\n<ul>\n<li><strong>Dimensiune diagonal\u0103:<\/strong>\u00a027 inch<\/li>\n<li><strong>Rezolu\u021bie:<\/strong>\u00a0QHD (2560 x 1440 pixeli)<\/li>\n<li><strong>Tehnologie panou:<\/strong>\u00a0In-Plane Switching (IPS)<\/li>\n<li><strong>Rat\u0103 de re\u00eemprosp\u0103tare:<\/strong>\u00a075Hz<\/li>\n<li><strong>Raport de contrast:<\/strong>\u00a01000:1<\/li>\n<li><strong>Luminozitate:<\/strong>\u00a0350 cd\/m\u00b2<\/li>\n<li><strong>Timp de r\u0103spuns:<\/strong>\u00a04 ms (Grey-to-Grey Extreme)<\/li>\n<li><strong>Acoperire culori:<\/strong>\u00a099% sRGB<\/li>\n<li><strong>Conectivitate:<\/strong>\u00a02 x HDMI, 1 x USB-C upstream\/DisplayPort cu Power Delivery (p\u00e2n\u0103 la 65W), 1 x USB 3.2 Gen 1 Type-A downstream, 1 x USB 3.2 Gen 1 Type-A downstream cu Battery Charging 1.2, Audio line-out<\/li>\n<li><strong>Ajustabilitate:<\/strong>\u00a0\u00cen\u0103l\u021bime, \u00eenclinare, pivotare, rotire<\/li>\n<li><strong>Compatibilitate montare:<\/strong>\u00a0VESA (100 x 100 mm)<\/li>\n<li><strong>Difuzoare integrate:<\/strong>\u00a02 x 3W<\/li>\n<\/ul>\n<p><strong>Beneficii:<\/strong><\/p>\n<ul>\n<li><strong>Confort vizual \u00eembun\u0103t\u0103\u021bit:<\/strong>\u00a0Certificat T\u00dcV pentru confort ocular, cu tehnologie ComfortView care reduce emisiile de lumin\u0103 albastr\u0103 d\u0103un\u0103toare.<\/li>\n<li><strong>Conectivitate extins\u0103:<\/strong>\u00a0Multiple porturi pentru conectarea accesoriilor \u0219i dispozitivelor.<\/li>\n<li><strong>Culori vii:<\/strong>\u00a0Acoperire larg\u0103 a culorilor \u0219i consisten\u021b\u0103 a culorilor datorit\u0103 tehnologiei IPS.<\/li>\n<li><strong>Design ergonomic:<\/strong>\u00a0Ajustabilitate complet\u0103 pentru a se potrivi preferin\u021belor tale de vizualizare.<\/li>\n<\/ul>\n","protected":false},"excerpt":{"rendered":"<p><strong>Caracteristici principale:<\/strong><\/p>\n<ul>\n<li><strong>Dimensiune diagonal\u0103:<\/strong>\u00a027 inch<\/li>\n<li><strong>Rezolu\u021bie:<\/strong>\u00a0QHD (2560 x 1440 pixeli)<\/li>\n<li><strong>Tehnologie panou:<\/strong>\u00a0In-Plane Switching (IPS)<\/li>\n<li><strong>Rat\u0103 de re\u00eemprosp\u0103tare:<\/strong>\u00a075Hz<\/li>\n<li><strong>Raport de contrast:<\/strong>\u00a01000:1<\/li>\n<li><strong>Luminozitate:<\/strong>\u00a0350 cd\/m\u00b2<\/li>\n<li><strong>Timp de r\u0103spuns:<\/strong>\u00a04 ms (Grey-to-Grey Extreme)<\/li>\n<li><strong>Acoperire culori:<\/strong>\u00a099% sRGB<\/li>\n<li><strong>Conectivitate:<\/strong>\u00a02 x HDMI, 1 x USB-C upstream\/DisplayPort cu Power Delivery (p\u00e2n\u0103 la 65W), 1 x USB 3.2 Gen 1 Type-A downstream, 1 x USB 3.2 Gen 1 Type-A downstream cu Battery Charging 1.2, Audio line-out<\/li>\n<li><strong>Ajustabilitate:<\/strong>\u00a0\u00cen\u0103l\u021bime, \u00eenclinare, pivotare, rotire<\/li>\n<li><strong>Compatibilitate montare:<\/strong>\u00a0VESA (100 x 100 mm)<\/li>\n<li><strong>Difuzoare integrate:<\/strong>\u00a02 x 3W<\/li>\n<\/ul>\n","protected":false},"featured_media":310,"comment_status":"open","ping_status":"closed","template":"","meta":[],"product_cat":[25],"product_tag":[],"class_list":{"0":"post-309","1":"product","2":"type-product","3":"status-publish","4":"has-post-thumbnail","6":"product_cat-monitoare","8":"first","9":"onbackorder","10":"sale","11":"featured","12":"shipping-taxable","13":"purchasable","14":"product-type-simple"},"jetpack_sharing_enabled":true,"_links":{"self":[{"href":"https:\/\/solutionstore.ro\/index.php?rest_route=\/wp\/v2\/product\/309","targetHints":{"allow":["GET"]}}],"collection":[{"href":"https:\/\/solutionstore.ro\/index.php?rest_route=\/wp\/v2\/product"}],"about":[{"href":"https:\/\/solutionstore.ro\/index.php?rest_route=\/wp\/v2\/types\/product"}],"replies":[{"embeddable":true,"href":"https:\/\/solutionstore.ro\/index.php?rest_route=%2Fwp%2Fv2%2Fcomments&post=309"}],"wp:featuredmedia":[{"embeddable":true,"href":"https:\/\/solutionstore.ro\/index.php?rest_route=\/wp\/v2\/media\/310"}],"wp:attachment":[{"href":"https:\/\/solutionstore.ro\/index.php?rest_route=%2Fwp%2Fv2%2Fmedia&parent=309"}],"wp:term":[{"taxonomy":"product_cat","embeddable":true,"href":"https:\/\/solutionstore.ro\/index.php?rest_route=%2Fwp%2Fv2%2Fproduct_cat&post=309"},{"taxonomy":"product_tag","embeddable":true,"href":"https:\/\/solutionstore.ro\/index.php?rest_route=%2Fwp%2Fv2%2Fproduct_tag&post=309"}],"curies":[{"name":"wp","href":"https:\/\/api.w.org\/{rel}","templated":true}]}}