{"id":30,"date":"2024-09-18T12:20:50","date_gmt":"2024-09-18T12:20:50","guid":{"rendered":"https:\/\/dev.solutionstore.ro\/?page_id=30"},"modified":"2024-11-04T15:48:25","modified_gmt":"2024-11-04T15:48:25","slug":"home","status":"publish","type":"page","link":"https:\/\/solutionstore.ro\/","title":{"rendered":"Home"},"content":{"rendered":"\t\t<div data-elementor-type=\"wp-page\" data-elementor-id=\"30\" class=\"elementor elementor-30\" data-elementor-post-type=\"page\">\n\t\t\t\t<div class=\"elementor-element elementor-element-36b23f0 e-flex e-con-boxed e-con e-parent\" data-id=\"36b23f0\" data-element_type=\"container\">\n\t\t\t\t\t<div class=\"e-con-inner\">\n\t\t<div class=\"elementor-element elementor-element-154b71d e-con-full e-flex e-con e-child\" data-id=\"154b71d\" data-element_type=\"container\">\n\t\t<div class=\"elementor-element elementor-element-9c74adf e-con-full e-flex e-con e-child\" data-id=\"9c74adf\" data-element_type=\"container\">\n\t\t\t\t<div class=\"elementor-element elementor-element-ce00995 elementor-widget elementor-widget-heading\" data-id=\"ce00995\" data-element_type=\"widget\" data-widget_type=\"heading.default\">\n\t\t\t\t<div class=\"elementor-widget-container\">\n\t\t\t<h2 class=\"elementor-heading-title elementor-size-default\">Laptopuri<\/h2>\t\t<\/div>\n\t\t\t\t<\/div>\n\t\t\t\t<div class=\"elementor-element elementor-element-e3a9d07 elementor-widget__width-initial elementor-widget elementor-widget-text-editor\" data-id=\"e3a9d07\" data-element_type=\"widget\" data-widget_type=\"text-editor.default\">\n\t\t\t\t<div class=\"elementor-widget-container\">\n\t\t\t\t\t\t\tOferim o gam\u0103 variat\u0103 de op\u021biuni pentru a<br>\nsatisface nevoile \u0219i preferin\u021bele\ndumneavoastr\u0103 <br>\u00een materie de tehnologie.\t\t\t\t\t\t<\/div>\n\t\t\t\t<\/div>\n\t\t\t\t<div class=\"elementor-element elementor-element-424e1a9 elementor-widget elementor-widget-text-editor\" data-id=\"424e1a9\" data-element_type=\"widget\" data-widget_type=\"text-editor.default\">\n\t\t\t\t<div class=\"elementor-widget-container\">\n\t\t\t\t\t\t\t<p>Producatori precum\u00a0Apple, HP, Dell si Lenovo<\/p>\t\t\t\t\t\t<\/div>\n\t\t\t\t<\/div>\n\t\t\t\t<div class=\"elementor-element elementor-element-8e33c14 elementor-align-center elementor-widget elementor-widget-button\" data-id=\"8e33c14\" data-element_type=\"widget\" data-widget_type=\"button.default\">\n\t\t\t\t<div class=\"elementor-widget-container\">\n\t\t\t\t\t<div class=\"elementor-button-wrapper\">\n\t\t\t<a class=\"elementor-button elementor-button-link elementor-size-sm\" href=\"#\">\n\t\t\t\t\t\t<span class=\"elementor-button-content-wrapper\">\n\t\t\t\t\t\t\t\t\t<span class=\"elementor-button-text\">Cump\u0103r\u0103 acum <\/span>\n\t\t\t\t\t<\/span>\n\t\t\t\t\t<\/a>\n\t\t<\/div>\n\t\t\t\t<\/div>\n\t\t\t\t<\/div>\n\t\t\t\t<\/div>\n\t\t<div class=\"elementor-element elementor-element-fe2da77 e-con-full e-flex e-con e-child\" data-id=\"fe2da77\" data-element_type=\"container\">\n\t\t\t\t<div class=\"elementor-element elementor-element-259672f elementor-widget elementor-widget-image\" data-id=\"259672f\" data-element_type=\"widget\" data-widget_type=\"image.default\">\n\t\t\t\t<div class=\"elementor-widget-container\">\n\t\t\t\t\t\t\t\t\t\t\t\t\t<img fetchpriority=\"high\" decoding=\"async\" width=\"797\" height=\"531\" src=\"https:\/\/solutionstore.ro\/wp-content\/uploads\/2024\/09\/AdobeStock_445103060-1.png\" class=\"attachment-large size-large wp-image-69\" alt=\"\" srcset=\"https:\/\/solutionstore.ro\/wp-content\/uploads\/2024\/09\/AdobeStock_445103060-1.png 797w, https:\/\/solutionstore.ro\/wp-content\/uploads\/2024\/09\/AdobeStock_445103060-1-300x200.png 300w, https:\/\/solutionstore.ro\/wp-content\/uploads\/2024\/09\/AdobeStock_445103060-1-768x512.png 768w, https:\/\/solutionstore.ro\/wp-content\/uploads\/2024\/09\/AdobeStock_445103060-1-600x400.png 600w\" sizes=\"(max-width: 797px) 100vw, 797px\" \/>\t\t\t\t\t\t\t\t\t\t\t\t\t<\/div>\n\t\t\t\t<\/div>\n\t\t\t\t<\/div>\n\t\t\t\t<\/div>\n\t\t<div class=\"elementor-element elementor-element-d21dc60 e-con-full e-flex e-con e-child\" data-id=\"d21dc60\" data-element_type=\"container\">\n\t\t<div class=\"elementor-element elementor-element-6153443 e-con-full e-flex e-con e-child\" data-id=\"6153443\" data-element_type=\"container\">\n\t\t\t\t<div class=\"elementor-element elementor-element-348c9cf elementor-widget elementor-widget-image\" data-id=\"348c9cf\" data-element_type=\"widget\" data-widget_type=\"image.default\">\n\t\t\t\t<div class=\"elementor-widget-container\">\n\t\t\t\t\t\t\t\t\t\t\t\t\t<img decoding=\"async\" width=\"726\" height=\"484\" src=\"https:\/\/solutionstore.ro\/wp-content\/uploads\/2024\/09\/AdobeStock_236284657-1.png\" class=\"attachment-large size-large wp-image-74\" alt=\"\" srcset=\"https:\/\/solutionstore.ro\/wp-content\/uploads\/2024\/09\/AdobeStock_236284657-1.png 726w, https:\/\/solutionstore.ro\/wp-content\/uploads\/2024\/09\/AdobeStock_236284657-1-300x200.png 300w, https:\/\/solutionstore.ro\/wp-content\/uploads\/2024\/09\/AdobeStock_236284657-1-600x400.png 600w\" sizes=\"(max-width: 726px) 100vw, 726px\" \/>\t\t\t\t\t\t\t\t\t\t\t\t\t<\/div>\n\t\t\t\t<\/div>\n\t\t\t\t<\/div>\n\t\t<div class=\"elementor-element elementor-element-38bde2c e-con-full e-flex e-con e-child\" data-id=\"38bde2c\" data-element_type=\"container\">\n\t\t\t\t<div class=\"elementor-element elementor-element-35c2b00 elementor-widget elementor-widget-heading\" data-id=\"35c2b00\" data-element_type=\"widget\" data-widget_type=\"heading.default\">\n\t\t\t\t<div class=\"elementor-widget-container\">\n\t\t\t<h2 class=\"elementor-heading-title elementor-size-default\">Re\u021belistic\u0103<\/h2>\t\t<\/div>\n\t\t\t\t<\/div>\n\t\t\t\t<div class=\"elementor-element elementor-element-3c3f2f3 elementor-widget__width-initial elementor-widget elementor-widget-text-editor\" data-id=\"3c3f2f3\" data-element_type=\"widget\" data-widget_type=\"text-editor.default\">\n\t\t\t\t<div class=\"elementor-widget-container\">\n\t\t\t\t\t\t\t<p>Descoperi\u021bi o gam\u0103 variat\u0103 de switch-uri, routere, puncte de acces (AP) \u0219i accesorii de re\u021bea de \u00eencredere, perfecte pentru a v\u0103 extinde \u0219i optimiza infrastructura de re\u021bea.<\/p>\t\t\t\t\t\t<\/div>\n\t\t\t\t<\/div>\n\t\t\t\t<div class=\"elementor-element elementor-element-9890a8b elementor-widget elementor-widget-text-editor\" data-id=\"9890a8b\" data-element_type=\"widget\" data-widget_type=\"text-editor.default\">\n\t\t\t\t<div class=\"elementor-widget-container\">\n\t\t\t\t\t\t\t<p>Producatori precum\u00a0Fortinet, Cisco, Aruba si Ubiquiti<\/p>\t\t\t\t\t\t<\/div>\n\t\t\t\t<\/div>\n\t\t\t\t<div class=\"elementor-element elementor-element-fb00cc8 elementor-align-center elementor-widget elementor-widget-button\" data-id=\"fb00cc8\" data-element_type=\"widget\" data-widget_type=\"button.default\">\n\t\t\t\t<div class=\"elementor-widget-container\">\n\t\t\t\t\t<div class=\"elementor-button-wrapper\">\n\t\t\t<a class=\"elementor-button elementor-button-link elementor-size-sm\" href=\"#\">\n\t\t\t\t\t\t<span class=\"elementor-button-content-wrapper\">\n\t\t\t\t\t\t\t\t\t<span class=\"elementor-button-text\">Cump\u0103r\u0103 acum<\/span>\n\t\t\t\t\t<\/span>\n\t\t\t\t\t<\/a>\n\t\t<\/div>\n\t\t\t\t<\/div>\n\t\t\t\t<\/div>\n\t\t\t\t<\/div>\n\t\t\t\t<\/div>\n\t\t\t\t\t<\/div>\n\t\t\t\t<\/div>\n\t\t<div class=\"elementor-element elementor-element-864d757 e-flex e-con-boxed e-con e-parent\" data-id=\"864d757\" data-element_type=\"container\" data-settings=\"{&quot;background_background&quot;:&quot;classic&quot;}\">\n\t\t\t\t\t<div class=\"e-con-inner\">\n\t\t\t\t<div class=\"elementor-element elementor-element-26093f5 elementor-widget elementor-widget-heading\" data-id=\"26093f5\" data-element_type=\"widget\" data-widget_type=\"heading.default\">\n\t\t\t\t<div class=\"elementor-widget-container\">\n\t\t\t<h2 class=\"elementor-heading-title elementor-size-default\">Servere<\/h2>\t\t<\/div>\n\t\t\t\t<\/div>\n\t\t\t\t<div class=\"elementor-element elementor-element-9ce204a elementor-widget__width-initial elementor-widget elementor-widget-text-editor\" data-id=\"9ce204a\" data-element_type=\"widget\" data-widget_type=\"text-editor.default\">\n\t\t\t\t<div class=\"elementor-widget-container\">\n\t\t\t\t\t\t\tOferim solu\u021bii avansate de servere \u0219i <br>stocare, scalabile \u0219i fiabile, care asigur\u0103 o <br>gestionare eficient\u0103 a datelor \u0219i<br> optimizarea performan\u021bei infrastructurii IT,<br> adaptate pentru a sus\u021bine cre\u0219terea \u00eentr-un <br>mediu digital \u00een continu\u0103 evolu\u021bie.\t\t\t\t\t\t<\/div>\n\t\t\t\t<\/div>\n\t\t\t\t<div class=\"elementor-element elementor-element-3b77d8f elementor-widget elementor-widget-text-editor\" data-id=\"3b77d8f\" data-element_type=\"widget\" data-widget_type=\"text-editor.default\">\n\t\t\t\t<div class=\"elementor-widget-container\">\n\t\t\t\t\t\t\t<p>Producatori precum\u00a0HPE, Dell<\/p>\t\t\t\t\t\t<\/div>\n\t\t\t\t<\/div>\n\t\t\t\t<div class=\"elementor-element elementor-element-8ac4abe elementor-align-center elementor-widget elementor-widget-button\" data-id=\"8ac4abe\" data-element_type=\"widget\" data-widget_type=\"button.default\">\n\t\t\t\t<div class=\"elementor-widget-container\">\n\t\t\t\t\t<div class=\"elementor-button-wrapper\">\n\t\t\t<a class=\"elementor-button elementor-button-link elementor-size-sm\" href=\"#\">\n\t\t\t\t\t\t<span class=\"elementor-button-content-wrapper\">\n\t\t\t\t\t\t\t\t\t<span class=\"elementor-button-text\">Cump\u0103r\u0103 acum<\/span>\n\t\t\t\t\t<\/span>\n\t\t\t\t\t<\/a>\n\t\t<\/div>\n\t\t\t\t<\/div>\n\t\t\t\t<\/div>\n\t\t\t\t\t<\/div>\n\t\t\t\t<\/div>\n\t\t<div class=\"elementor-element elementor-element-ecc5119 e-flex e-con-boxed e-con e-parent\" data-id=\"ecc5119\" data-element_type=\"container\">\n\t\t\t\t\t<div class=\"e-con-inner\">\n\t\t\t\t<div class=\"elementor-element elementor-element-4ac21a1 elementor-widget elementor-widget-heading\" data-id=\"4ac21a1\" data-element_type=\"widget\" data-widget_type=\"heading.default\">\n\t\t\t\t<div class=\"elementor-widget-container\">\n\t\t\t<h2 class=\"elementor-heading-title elementor-size-default\">Software<\/h2>\t\t<\/div>\n\t\t\t\t<\/div>\n\t\t<div class=\"elementor-element elementor-element-92832a3 e-con-full e-flex e-con e-child\" data-id=\"92832a3\" data-element_type=\"container\">\n\t\t<div class=\"elementor-element elementor-element-8ff0afe e-con-full e-flex e-con e-child\" data-id=\"8ff0afe\" data-element_type=\"container\">\n\t\t\t\t<div class=\"elementor-element elementor-element-ad79f45 elementor-widget elementor-widget-text-editor\" data-id=\"ad79f45\" data-element_type=\"widget\" data-widget_type=\"text-editor.default\">\n\t\t\t\t<div class=\"elementor-widget-container\">\n\t\t\t\t\t\t\t<p>Descoperi\u021bi gama noastr\u0103 complet\u0103 de licen\u021be pentru Microsoft, inclusiv Office 365, solu\u021bii antivirus, Veeam pentru backup \u0219i recuperare, VMware pentru virtualizare, precum \u0219i produse Adobe \u0219i Autodesk pentru design \u0219i crea\u021bie. Ob\u021bine\u021bi acces la cele mai recente tehnologii \u0219i instrumente indispensabile pentru afacerea dumneavoastr\u0103, asigur\u00e2nd securitate, productivitate \u0219i creativitate \u00eentr-un mediu digital dinamic.<\/p>\t\t\t\t\t\t<\/div>\n\t\t\t\t<\/div>\n\t\t\t\t<div class=\"elementor-element elementor-element-f8619a5 elementor-widget elementor-widget-text-editor\" data-id=\"f8619a5\" data-element_type=\"widget\" data-widget_type=\"text-editor.default\">\n\t\t\t\t<div class=\"elementor-widget-container\">\n\t\t\t\t\t\t\t<p>Producatori precum\u00a0Microsoft, Bitdefender, Veeam, VMware, Kaspersky, Adobe, Autodesk\u00a0etc.<\/p>\t\t\t\t\t\t<\/div>\n\t\t\t\t<\/div>\n\t\t\t\t<div class=\"elementor-element elementor-element-7a5c0cc elementor-align-left elementor-widget elementor-widget-button\" data-id=\"7a5c0cc\" data-element_type=\"widget\" data-widget_type=\"button.default\">\n\t\t\t\t<div class=\"elementor-widget-container\">\n\t\t\t\t\t<div class=\"elementor-button-wrapper\">\n\t\t\t<a class=\"elementor-button elementor-button-link elementor-size-sm\" href=\"#\">\n\t\t\t\t\t\t<span class=\"elementor-button-content-wrapper\">\n\t\t\t\t\t\t\t\t\t<span class=\"elementor-button-text\">Cump\u0103r\u0103 acum<\/span>\n\t\t\t\t\t<\/span>\n\t\t\t\t\t<\/a>\n\t\t<\/div>\n\t\t\t\t<\/div>\n\t\t\t\t<\/div>\n\t\t\t\t<\/div>\n\t\t<div class=\"elementor-element elementor-element-2450210 e-con-full e-flex e-con e-child\" data-id=\"2450210\" data-element_type=\"container\">\n\t\t\t\t<div class=\"elementor-element elementor-element-125667c elementor-widget elementor-widget-image\" data-id=\"125667c\" data-element_type=\"widget\" data-widget_type=\"image.default\">\n\t\t\t\t<div class=\"elementor-widget-container\">\n\t\t\t\t\t\t\t\t\t\t\t\t\t<img decoding=\"async\" width=\"608\" height=\"420\" src=\"https:\/\/solutionstore.ro\/wp-content\/uploads\/2024\/09\/Poze-software.png\" class=\"attachment-large size-large wp-image-86\" alt=\"\" srcset=\"https:\/\/solutionstore.ro\/wp-content\/uploads\/2024\/09\/Poze-software.png 608w, https:\/\/solutionstore.ro\/wp-content\/uploads\/2024\/09\/Poze-software-300x207.png 300w, https:\/\/solutionstore.ro\/wp-content\/uploads\/2024\/09\/Poze-software-600x414.png 600w\" sizes=\"(max-width: 608px) 100vw, 608px\" \/>\t\t\t\t\t\t\t\t\t\t\t\t\t<\/div>\n\t\t\t\t<\/div>\n\t\t\t\t<\/div>\n\t\t\t\t<\/div>\n\t\t\t\t\t<\/div>\n\t\t\t\t<\/div>\n\t\t<div class=\"elementor-element elementor-element-7f8fd75 e-flex e-con-boxed e-con e-parent\" data-id=\"7f8fd75\" data-element_type=\"container\">\n\t\t\t\t\t<div class=\"e-con-inner\">\n\t\t<div class=\"elementor-element elementor-element-0b2d170 e-con-full e-flex e-con e-child\" data-id=\"0b2d170\" data-element_type=\"container\" data-settings=\"{&quot;background_background&quot;:&quot;classic&quot;}\">\n\t\t\t\t<div class=\"elementor-element elementor-element-f92e0d7 elementor-widget elementor-widget-heading\" data-id=\"f92e0d7\" data-element_type=\"widget\" data-widget_type=\"heading.default\">\n\t\t\t\t<div class=\"elementor-widget-container\">\n\t\t\t<h2 class=\"elementor-heading-title elementor-size-default\">Solicita Oferta<\/h2>\t\t<\/div>\n\t\t\t\t<\/div>\n\t\t\t\t<div class=\"elementor-element elementor-element-8d305fc elementor-button-align-center elementor-widget elementor-widget-form\" data-id=\"8d305fc\" data-element_type=\"widget\" data-settings=\"{&quot;button_width&quot;:&quot;100&quot;,&quot;step_type&quot;:&quot;number_text&quot;,&quot;step_icon_shape&quot;:&quot;circle&quot;}\" data-widget_type=\"form.default\">\n\t\t\t\t<div class=\"elementor-widget-container\">\n\t\t\t\t\t<form class=\"elementor-form\" method=\"post\" name=\"New Form\">\n\t\t\t<input type=\"hidden\" name=\"post_id\" value=\"30\"\/>\n\t\t\t<input type=\"hidden\" name=\"form_id\" value=\"8d305fc\"\/>\n\t\t\t<input type=\"hidden\" name=\"referer_title\" value=\"\" \/>\n\n\t\t\t\t\t\t\t<input type=\"hidden\" name=\"queried_id\" value=\"30\"\/>\n\t\t\t\n\t\t\t<div class=\"elementor-form-fields-wrapper elementor-labels-above\">\n\t\t\t\t\t\t\t\t<div class=\"elementor-field-type-text elementor-field-group elementor-column elementor-field-group-name elementor-col-50\">\n\t\t\t\t\t\t\t\t\t\t\t\t\t<input size=\"1\" type=\"text\" name=\"form_fields[name]\" id=\"form-field-name\" class=\"elementor-field elementor-size-sm  elementor-field-textual\" placeholder=\"Name\">\n\t\t\t\t\t\t\t\t\t\t\t<\/div>\n\t\t\t\t\t\t\t\t<div class=\"elementor-field-type-text elementor-field-group elementor-column elementor-field-group-field_d96944c elementor-col-50\">\n\t\t\t\t\t\t\t\t\t\t\t\t\t<input size=\"1\" type=\"text\" name=\"form_fields[field_d96944c]\" id=\"form-field-field_d96944c\" class=\"elementor-field elementor-size-sm  elementor-field-textual\" placeholder=\"Prenume\">\n\t\t\t\t\t\t\t\t\t\t\t<\/div>\n\t\t\t\t\t\t\t\t<div class=\"elementor-field-type-tel elementor-field-group elementor-column elementor-field-group-email elementor-col-50 elementor-field-required\">\n\t\t\t\t\t\t\t<input size=\"1\" type=\"tel\" name=\"form_fields[email]\" id=\"form-field-email\" class=\"elementor-field elementor-size-sm  elementor-field-textual\" placeholder=\"Num\u0103r de telefon\" required=\"required\" aria-required=\"true\" pattern=\"[0-9()#&amp;+*-=.]+\" title=\"Only numbers and phone characters (#, -, *, etc) are accepted.\">\n\n\t\t\t\t\t\t<\/div>\n\t\t\t\t\t\t\t\t<div class=\"elementor-field-type-email elementor-field-group elementor-column elementor-field-group-field_fc4062d elementor-col-50 elementor-field-required\">\n\t\t\t\t\t\t\t\t\t\t\t\t\t<input size=\"1\" type=\"email\" name=\"form_fields[field_fc4062d]\" id=\"form-field-field_fc4062d\" class=\"elementor-field elementor-size-sm  elementor-field-textual\" placeholder=\"Email\" required=\"required\" aria-required=\"true\">\n\t\t\t\t\t\t\t\t\t\t\t<\/div>\n\t\t\t\t\t\t\t\t<div class=\"elementor-field-type-textarea elementor-field-group elementor-column elementor-field-group-message elementor-col-100\">\n\t\t\t\t\t<textarea class=\"elementor-field-textual elementor-field  elementor-size-sm\" name=\"form_fields[message]\" id=\"form-field-message\" rows=\"9\" placeholder=\"Detalii\"><\/textarea>\t\t\t\t<\/div>\n\t\t\t\t\t\t\t\t<div class=\"elementor-field-group elementor-column elementor-field-type-submit elementor-col-100 e-form__buttons\">\n\t\t\t\t\t<button class=\"elementor-button elementor-size-md\" type=\"submit\">\n\t\t\t\t\t\t<span class=\"elementor-button-content-wrapper\">\n\t\t\t\t\t\t\t\t\t\t\t\t\t\t\t\t\t\t\t\t\t\t<span class=\"elementor-button-text\">Trimite-\u021bi<\/span>\n\t\t\t\t\t\t\t\t\t\t\t\t\t<\/span>\n\t\t\t\t\t<\/button>\n\t\t\t\t<\/div>\n\t\t\t<\/div>\n\t\t<\/form>\n\t\t\t\t<\/div>\n\t\t\t\t<\/div>\n\t\t\t\t<\/div>\n\t\t\t\t\t<\/div>\n\t\t\t\t<\/div>\n\t\t\t\t<\/div>\n\t\t","protected":false},"excerpt":{"rendered":"<p>Laptopuri Oferim o gam\u0103 variat\u0103 de op\u021biuni pentru a satisface nevoile \u0219i preferin\u021bele dumneavoastr\u0103 \u00een materie de tehnologie. Producatori precum\u00a0Apple, HP, Dell si Lenovo Cump\u0103r\u0103 acum Re\u021belistic\u0103 Descoperi\u021bi o gam\u0103 variat\u0103 de switch-uri, routere, puncte de acces (AP) \u0219i accesorii de re\u021bea de \u00eencredere, perfecte pentru a v\u0103 extinde \u0219i optimiza infrastructura de re\u021bea. Producatori [&hellip;]<\/p>\n","protected":false},"author":3,"featured_media":0,"parent":0,"menu_order":0,"comment_status":"closed","ping_status":"closed","template":"","meta":{"footnotes":""},"class_list":["post-30","page","type-page","status-publish","hentry"],"jetpack_sharing_enabled":true,"_links":{"self":[{"href":"https:\/\/solutionstore.ro\/index.php?rest_route=\/wp\/v2\/pages\/30","targetHints":{"allow":["GET"]}}],"collection":[{"href":"https:\/\/solutionstore.ro\/index.php?rest_route=\/wp\/v2\/pages"}],"about":[{"href":"https:\/\/solutionstore.ro\/index.php?rest_route=\/wp\/v2\/types\/page"}],"author":[{"embeddable":true,"href":"https:\/\/solutionstore.ro\/index.php?rest_route=\/wp\/v2\/users\/3"}],"replies":[{"embeddable":true,"href":"https:\/\/solutionstore.ro\/index.php?rest_route=%2Fwp%2Fv2%2Fcomments&post=30"}],"version-history":[{"count":25,"href":"https:\/\/solutionstore.ro\/index.php?rest_route=\/wp\/v2\/pages\/30\/revisions"}],"predecessor-version":[{"id":699,"href":"https:\/\/solutionstore.ro\/index.php?rest_route=\/wp\/v2\/pages\/30\/revisions\/699"}],"wp:attachment":[{"href":"https:\/\/solutionstore.ro\/index.php?rest_route=%2Fwp%2Fv2%2Fmedia&parent=30"}],"curies":[{"name":"wp","href":"https:\/\/api.w.org\/{rel}","templated":true}]}}